{"id":1628,"date":"2022-09-14T17:10:14","date_gmt":"2022-09-14T17:10:14","guid":{"rendered":"https:\/\/clouddancers.de\/?page_id=1628"},"modified":"2022-09-14T20:11:04","modified_gmt":"2022-09-14T20:11:04","slug":"compare","status":"publish","type":"page","link":"https:\/\/clouddancers.de\/en\/vergleich\/","title":{"rendered":"Bezugsvarianten vergleichen."},"content":{"rendered":"\t\t<div data-elementor-type=\"wp-page\" data-elementor-id=\"1628\" class=\"elementor elementor-1628\" data-elementor-post-type=\"page\">\n\t\t\t\t\t\t<section data-particle_enable=\"false\" data-particle-mobile-disabled=\"false\" class=\"elementor-section elementor-top-section elementor-element elementor-element-7a92850 elementor-section-boxed elementor-section-height-default elementor-section-height-default\" data-id=\"7a92850\" data-element_type=\"section\" data-e-type=\"section\">\n\t\t\t\t\t\t<div class=\"elementor-container elementor-column-gap-default\">\n\t\t\t\t\t<div class=\"elementor-column elementor-col-100 elementor-top-column elementor-element elementor-element-1b20855\" data-id=\"1b20855\" data-element_type=\"column\" data-e-type=\"column\">\n\t\t\t<div class=\"elementor-widget-wrap elementor-element-populated\">\n\t\t\t\t\t\t<div class=\"elementor-element elementor-element-d3a3d34 elementor-widget elementor-widget-heading\" data-id=\"d3a3d34\" data-element_type=\"widget\" data-e-type=\"widget\" data-widget_type=\"heading.default\">\n\t\t\t\t<div class=\"elementor-widget-container\">\n\t\t\t\t\t<h3 class=\"elementor-heading-title elementor-size-default\">Vergleichen<\/h3>\t\t\t\t<\/div>\n\t\t\t\t<\/div>\n\t\t\t\t<div class=\"elementor-element elementor-element-68f6cff elementor-widget elementor-widget-heading\" data-id=\"68f6cff\" data-element_type=\"widget\" data-e-type=\"widget\" data-widget_type=\"heading.default\">\n\t\t\t\t<div class=\"elementor-widget-container\">\n\t\t\t\t\t<h1 class=\"elementor-heading-title elementor-size-default\">Unsere Bezugsvarianten.<\/h1>\t\t\t\t<\/div>\n\t\t\t\t<\/div>\n\t\t\t\t\t<\/div>\n\t\t<\/div>\n\t\t\t\t\t<\/div>\n\t\t<\/section>\n\t\t\t\t<section data-particle_enable=\"false\" data-particle-mobile-disabled=\"false\" class=\"elementor-section elementor-top-section elementor-element elementor-element-ed58b89 elementor-section-full_width elementor-section-height-min-height elementor-section-height-default elementor-section-items-middle\" data-id=\"ed58b89\" data-element_type=\"section\" data-e-type=\"section\" data-settings=\"{&quot;background_background&quot;:&quot;slideshow&quot;,&quot;background_slideshow_gallery&quot;:[{&quot;id&quot;:620,&quot;url&quot;:&quot;https:\\\/\\\/clouddancers.de\\\/wp-content\\\/uploads\\\/2021\\\/12\\\/DSC_7533-scaled.jpg&quot;}],&quot;shape_divider_top&quot;:&quot;mountains&quot;,&quot;shape_divider_bottom&quot;:&quot;mountains&quot;,&quot;background_slideshow_loop&quot;:&quot;yes&quot;,&quot;background_slideshow_slide_duration&quot;:5000,&quot;background_slideshow_slide_transition&quot;:&quot;fade&quot;,&quot;background_slideshow_transition_duration&quot;:500}\">\n\t\t\t\t\t<div class=\"elementor-shape elementor-shape-top\" aria-hidden=\"true\" data-negative=\"false\">\n\t\t\t<svg xmlns=\"http:\/\/www.w3.org\/2000\/svg\" viewBox=\"0 0 1000 100\" preserveAspectRatio=\"none\">\n\t<path class=\"elementor-shape-fill\" opacity=\"0.33\" d=\"M473,67.3c-203.9,88.3-263.1-34-320.3,0C66,119.1,0,59.7,0,59.7V0h1000v59.7 c0,0-62.1,26.1-94.9,29.3c-32.8,3.3-62.8-12.3-75.8-22.1C806,49.6,745.3,8.7,694.9,4.7S492.4,59,473,67.3z\"\/>\n\t<path class=\"elementor-shape-fill\" opacity=\"0.66\" d=\"M734,67.3c-45.5,0-77.2-23.2-129.1-39.1c-28.6-8.7-150.3-10.1-254,39.1 s-91.7-34.4-149.2,0C115.7,118.3,0,39.8,0,39.8V0h1000v36.5c0,0-28.2-18.5-92.1-18.5C810.2,18.1,775.7,67.3,734,67.3z\"\/>\n\t<path class=\"elementor-shape-fill\" d=\"M766.1,28.9c-200-57.5-266,65.5-395.1,19.5C242,1.8,242,5.4,184.8,20.6C128,35.8,132.3,44.9,89.9,52.5C28.6,63.7,0,0,0,0 h1000c0,0-9.9,40.9-83.6,48.1S829.6,47,766.1,28.9z\"\/>\n<\/svg>\t\t<\/div>\n\t\t\t\t<div class=\"elementor-shape elementor-shape-bottom\" aria-hidden=\"true\" data-negative=\"false\">\n\t\t\t<svg xmlns=\"http:\/\/www.w3.org\/2000\/svg\" viewBox=\"0 0 1000 100\" preserveAspectRatio=\"none\">\n\t<path class=\"elementor-shape-fill\" opacity=\"0.33\" d=\"M473,67.3c-203.9,88.3-263.1-34-320.3,0C66,119.1,0,59.7,0,59.7V0h1000v59.7 c0,0-62.1,26.1-94.9,29.3c-32.8,3.3-62.8-12.3-75.8-22.1C806,49.6,745.3,8.7,694.9,4.7S492.4,59,473,67.3z\"\/>\n\t<path class=\"elementor-shape-fill\" opacity=\"0.66\" d=\"M734,67.3c-45.5,0-77.2-23.2-129.1-39.1c-28.6-8.7-150.3-10.1-254,39.1 s-91.7-34.4-149.2,0C115.7,118.3,0,39.8,0,39.8V0h1000v36.5c0,0-28.2-18.5-92.1-18.5C810.2,18.1,775.7,67.3,734,67.3z\"\/>\n\t<path class=\"elementor-shape-fill\" d=\"M766.1,28.9c-200-57.5-266,65.5-395.1,19.5C242,1.8,242,5.4,184.8,20.6C128,35.8,132.3,44.9,89.9,52.5C28.6,63.7,0,0,0,0 h1000c0,0-9.9,40.9-83.6,48.1S829.6,47,766.1,28.9z\"\/>\n<\/svg>\t\t<\/div>\n\t\t\t\t\t<div class=\"elementor-container elementor-column-gap-default\">\n\t\t\t\t\t<div class=\"elementor-column elementor-col-100 elementor-top-column elementor-element elementor-element-cb712de\" data-id=\"cb712de\" data-element_type=\"column\" data-e-type=\"column\">\n\t\t\t<div class=\"elementor-widget-wrap\">\n\t\t\t\t\t\t\t<\/div>\n\t\t<\/div>\n\t\t\t\t\t<\/div>\n\t\t<\/section>\n\t\t\t\t<section data-particle_enable=\"false\" data-particle-mobile-disabled=\"false\" class=\"elementor-section elementor-top-section elementor-element elementor-element-4975434 elementor-section-boxed elementor-section-height-default elementor-section-height-default\" data-id=\"4975434\" data-element_type=\"section\" data-e-type=\"section\">\n\t\t\t\t\t\t<div class=\"elementor-container elementor-column-gap-default\">\n\t\t\t\t\t<div class=\"elementor-column elementor-col-100 elementor-top-column elementor-element elementor-element-de3add0\" data-id=\"de3add0\" data-element_type=\"column\" data-e-type=\"column\">\n\t\t\t<div class=\"elementor-widget-wrap elementor-element-populated\">\n\t\t\t\t\t\t<div class=\"elementor-element elementor-element-af1a1ff elementor-widget elementor-widget-heading\" data-id=\"af1a1ff\" data-element_type=\"widget\" data-e-type=\"widget\" data-widget_type=\"heading.default\">\n\t\t\t\t<div class=\"elementor-widget-container\">\n\t\t\t\t\t<h2 class=\"elementor-heading-title elementor-size-default\"><span data-elementor-setting-key=\"title\" data-pen-placeholder=\"Eingabe hier...\">Allwetter-Bez\u00fcge: <\/span>Unsere drei Produktlinien im Vergleich.<\/h2>\t\t\t\t<\/div>\n\t\t\t\t<\/div>\n\t\t\t\t<div class=\"elementor-element elementor-element-4d8457b elementor-widget elementor-widget-text-editor\" data-id=\"4d8457b\" data-element_type=\"widget\" data-e-type=\"widget\" data-widget_type=\"text-editor.default\">\n\t\t\t\t<div class=\"elementor-widget-container\">\n\t\t\t\t\t\t\t\t\t<p>Wir bieten dir f\u00fcr jede Situation und jedes Flugzeug das passende Material. Ob <a href=\"\/produkte-materialien\/#standard\"><b>STANDARD<\/b><\/a>-Bez\u00fcge f\u00fcr kleines Geld, unser Topseller <a href=\"\/produkte-materialien\/#uncutable\"><b>UNCUTABLE<\/b><\/a> oder das Premiumprodukt <a href=\"\/produkte-materialien\/#impact\"><b>IMPACT<\/b><\/a>, das sogar gegen Hagel sch\u00fctzt. <strong>Clouddancers Bez\u00fcge f\u00fcr Flugzeuge sch\u00fctzen dein Flugzeug optimal und in jeder Situation.<br \/><\/strong><\/p>\t\t\t\t\t\t\t\t<\/div>\n\t\t\t\t<\/div>\n\t\t\t\t\t<\/div>\n\t\t<\/div>\n\t\t\t\t\t<\/div>\n\t\t<\/section>\n\t\t\t\t<section data-particle_enable=\"false\" data-particle-mobile-disabled=\"false\" class=\"elementor-section elementor-top-section elementor-element elementor-element-9aa6b03 elementor-section-boxed elementor-section-height-default elementor-section-height-default\" data-id=\"9aa6b03\" data-element_type=\"section\" data-e-type=\"section\">\n\t\t\t\t\t\t<div class=\"elementor-container elementor-column-gap-default\">\n\t\t\t\t\t<div class=\"elementor-column elementor-col-33 elementor-top-column elementor-element elementor-element-3757601\" data-id=\"3757601\" data-element_type=\"column\" data-e-type=\"column\">\n\t\t\t<div class=\"elementor-widget-wrap elementor-element-populated\">\n\t\t\t\t\t\t<div class=\"elementor-element elementor-element-7ee10de elementor-widget elementor-widget-heading\" data-id=\"7ee10de\" data-element_type=\"widget\" data-e-type=\"widget\" data-widget_type=\"heading.default\">\n\t\t\t\t<div class=\"elementor-widget-container\">\n\t\t\t\t\t<h2 class=\"elementor-heading-title elementor-size-default\">Standard<\/h2>\t\t\t\t<\/div>\n\t\t\t\t<\/div>\n\t\t\t\t<div class=\"elementor-element elementor-element-3dd62aa elementor-widget elementor-widget-text-editor\" data-id=\"3dd62aa\" data-element_type=\"widget\" data-e-type=\"widget\" data-widget_type=\"text-editor.default\">\n\t\t\t\t<div class=\"elementor-widget-container\">\n\t\t\t\t\t\t\t\t\t<p>Hochwertige, strapazierf\u00e4hige, atmungsaktive Allwetterbez\u00fcge f\u00fcr Flugzeuge aller Art.<br \/><br \/><\/p>\t\t\t\t\t\t\t\t<\/div>\n\t\t\t\t<\/div>\n\t\t\t\t<div class=\"elementor-element elementor-element-c744645 elementor-widget elementor-widget-text-editor\" data-id=\"c744645\" data-element_type=\"widget\" data-e-type=\"widget\" data-widget_type=\"text-editor.default\">\n\t\t\t\t<div class=\"elementor-widget-container\">\n\t\t\t\t\t\t\t\t\t<p>Zweischichtsystem<\/p><p>\u2013<\/p><p>\u2013<\/p><p>selbstpolierender Baumwollinnenstoff<\/p><p>\u2013<\/p><p>gute Bel\u00fcftung<\/p><p>Packtaschen<\/p><p>Raffgurte<\/p><p>Verst\u00e4rkungen<\/p><p>Wasserabtropfkanten<\/p>\t\t\t\t\t\t\t\t<\/div>\n\t\t\t\t<\/div>\n\t\t\t\t<div class=\"elementor-element elementor-element-a2d7343 elementor-widget elementor-widget-text-editor\" data-id=\"a2d7343\" data-element_type=\"widget\" data-e-type=\"widget\" data-widget_type=\"text-editor.default\">\n\t\t\t\t<div class=\"elementor-widget-container\">\n\t\t\t\t\t\t\t\t\t<h3>ab 990 \u20ac<\/h3>\t\t\t\t\t\t\t\t<\/div>\n\t\t\t\t<\/div>\n\t\t\t\t<div class=\"elementor-element elementor-element-f19329a elementor-widget elementor-widget-button\" data-id=\"f19329a\" data-element_type=\"widget\" data-e-type=\"widget\" data-widget_type=\"button.default\">\n\t\t\t\t<div class=\"elementor-widget-container\">\n\t\t\t\t\t\t\t\t\t<div class=\"elementor-button-wrapper\">\n\t\t\t\t\t<a class=\"elementor-button elementor-button-link elementor-size-sm elementor-animation-shrink\" href=\"\/produkte-materialien\/#standard\">\n\t\t\t\t\t\t<span class=\"elementor-button-content-wrapper\">\n\t\t\t\t\t\t\t\t\t<span class=\"elementor-button-text\">mehr infos<\/span>\n\t\t\t\t\t<\/span>\n\t\t\t\t\t<\/a>\n\t\t\t\t<\/div>\n\t\t\t\t\t\t\t\t<\/div>\n\t\t\t\t<\/div>\n\t\t\t\t\t<\/div>\n\t\t<\/div>\n\t\t\t\t<div class=\"elementor-column elementor-col-33 elementor-top-column elementor-element elementor-element-2dc6973\" data-id=\"2dc6973\" data-element_type=\"column\" data-e-type=\"column\">\n\t\t\t<div class=\"elementor-widget-wrap elementor-element-populated\">\n\t\t\t\t\t\t<div class=\"elementor-element elementor-element-e2f3cee elementor-widget elementor-widget-heading\" data-id=\"e2f3cee\" data-element_type=\"widget\" data-e-type=\"widget\" data-widget_type=\"heading.default\">\n\t\t\t\t<div class=\"elementor-widget-container\">\n\t\t\t\t\t<h2 class=\"elementor-heading-title elementor-size-default\">Uncutable <sup><span style=\"color:#F72585\">Topseller<\/span><\/sup><\/h2>\t\t\t\t<\/div>\n\t\t\t\t<\/div>\n\t\t\t\t<div class=\"elementor-element elementor-element-501b618 elementor-widget elementor-widget-text-editor\" data-id=\"501b618\" data-element_type=\"widget\" data-e-type=\"widget\" data-widget_type=\"text-editor.default\">\n\t\t\t\t<div class=\"elementor-widget-container\">\n\t\t\t\t\t\t\t\t\t<p>Hochwertige, extra strapazierf\u00e4hige, atmungsaktive Allwetterbez\u00fcge f\u00fcr Flugzeuge aller Art, mit sehr hoher Rei\u00dffestigkeit.<\/p>\t\t\t\t\t\t\t\t<\/div>\n\t\t\t\t<\/div>\n\t\t\t\t<div class=\"elementor-element elementor-element-dd31914 elementor-widget elementor-widget-text-editor\" data-id=\"dd31914\" data-element_type=\"widget\" data-e-type=\"widget\" data-widget_type=\"text-editor.default\">\n\t\t\t\t<div class=\"elementor-widget-container\">\n\t\t\t\t\t\t\t\t\t<p>Zweischichtsystem<\/p><p>weitere Gitterstofflage<\/p><p>\u2013<\/p><p>selbstpolierender Baumwollinnenstoff<\/p><p>Innenstoff gegen Schimmel<\/p><p>gute Bel\u00fcftung<\/p><p>Packtaschen<\/p><p>Raffgurte<\/p><p>Verst\u00e4rkungen<\/p><p>Wasserabtropfkanten<\/p>\t\t\t\t\t\t\t\t<\/div>\n\t\t\t\t<\/div>\n\t\t\t\t<div class=\"elementor-element elementor-element-4fb48d8 elementor-widget elementor-widget-text-editor\" data-id=\"4fb48d8\" data-element_type=\"widget\" data-e-type=\"widget\" data-widget_type=\"text-editor.default\">\n\t\t\t\t<div class=\"elementor-widget-container\">\n\t\t\t\t\t\t\t\t\t<h3>ab 1.500 \u20ac<\/h3>\t\t\t\t\t\t\t\t<\/div>\n\t\t\t\t<\/div>\n\t\t\t\t<div class=\"elementor-element elementor-element-13f00cc elementor-widget elementor-widget-button\" data-id=\"13f00cc\" data-element_type=\"widget\" data-e-type=\"widget\" data-widget_type=\"button.default\">\n\t\t\t\t<div class=\"elementor-widget-container\">\n\t\t\t\t\t\t\t\t\t<div class=\"elementor-button-wrapper\">\n\t\t\t\t\t<a class=\"elementor-button elementor-button-link elementor-size-sm elementor-animation-shrink\" href=\"\/produkte-materialien\/#uncutable\">\n\t\t\t\t\t\t<span class=\"elementor-button-content-wrapper\">\n\t\t\t\t\t\t\t\t\t<span class=\"elementor-button-text\">mehr infos<\/span>\n\t\t\t\t\t<\/span>\n\t\t\t\t\t<\/a>\n\t\t\t\t<\/div>\n\t\t\t\t\t\t\t\t<\/div>\n\t\t\t\t<\/div>\n\t\t\t\t\t<\/div>\n\t\t<\/div>\n\t\t\t\t<div class=\"elementor-column elementor-col-33 elementor-top-column elementor-element elementor-element-fc654d7\" data-id=\"fc654d7\" data-element_type=\"column\" data-e-type=\"column\">\n\t\t\t<div class=\"elementor-widget-wrap elementor-element-populated\">\n\t\t\t\t\t\t<div class=\"elementor-element elementor-element-82a14c2 elementor-widget elementor-widget-heading\" data-id=\"82a14c2\" data-element_type=\"widget\" data-e-type=\"widget\" data-widget_type=\"heading.default\">\n\t\t\t\t<div class=\"elementor-widget-container\">\n\t\t\t\t\t<h2 class=\"elementor-heading-title elementor-size-default\">Impact<\/h2>\t\t\t\t<\/div>\n\t\t\t\t<\/div>\n\t\t\t\t<div class=\"elementor-element elementor-element-c12a359 elementor-widget elementor-widget-text-editor\" data-id=\"c12a359\" data-element_type=\"widget\" data-e-type=\"widget\" data-widget_type=\"text-editor.default\">\n\t\t\t\t<div class=\"elementor-widget-container\">\n\t\t\t\t\t\t\t\t\t<p>Hochwertige, h\u00f6chst-strapazierf\u00e4hige, atmungsaktive Allwetterbez\u00fcge f\u00fcr Flugzeuge aller Art, die dein Flugzeug perfekt sch\u00fctzen.<\/p>\t\t\t\t\t\t\t\t<\/div>\n\t\t\t\t<\/div>\n\t\t\t\t<div class=\"elementor-element elementor-element-26bc3bc elementor-widget elementor-widget-text-editor\" data-id=\"26bc3bc\" data-element_type=\"widget\" data-e-type=\"widget\" data-widget_type=\"text-editor.default\">\n\t\t\t\t<div class=\"elementor-widget-container\">\n\t\t\t\t\t\t\t\t\t<p>Zweischichtsystem<\/p><p>weitere Gitterstofflage<\/p><p>Sto\u00dfschutz (bei Hagel)<\/p><p>selbstpolierender Uncuttable Innenstoff<\/p><p>Innenstoff gegen Schimmel<\/p><p>sehr gute Bel\u00fcftung<\/p><p>Packtaschen<\/p><p>Raffgurte<\/p><p>Verst\u00e4rkungen<\/p><p>Wasserabtropfkanten<\/p>\t\t\t\t\t\t\t\t<\/div>\n\t\t\t\t<\/div>\n\t\t\t\t<div class=\"elementor-element elementor-element-1be444e elementor-widget elementor-widget-text-editor\" data-id=\"1be444e\" data-element_type=\"widget\" data-e-type=\"widget\" data-widget_type=\"text-editor.default\">\n\t\t\t\t<div class=\"elementor-widget-container\">\n\t\t\t\t\t\t\t\t\t<h3>ab 1.700 \u20ac<\/h3>\t\t\t\t\t\t\t\t<\/div>\n\t\t\t\t<\/div>\n\t\t\t\t<div class=\"elementor-element elementor-element-d6335a6 elementor-widget elementor-widget-button\" data-id=\"d6335a6\" data-element_type=\"widget\" data-e-type=\"widget\" data-widget_type=\"button.default\">\n\t\t\t\t<div class=\"elementor-widget-container\">\n\t\t\t\t\t\t\t\t\t<div class=\"elementor-button-wrapper\">\n\t\t\t\t\t<a class=\"elementor-button elementor-button-link elementor-size-sm elementor-animation-shrink\" href=\"\/produkte-materialien\/#impact\">\n\t\t\t\t\t\t<span class=\"elementor-button-content-wrapper\">\n\t\t\t\t\t\t\t\t\t<span class=\"elementor-button-text\">mehr infos<\/span>\n\t\t\t\t\t<\/span>\n\t\t\t\t\t<\/a>\n\t\t\t\t<\/div>\n\t\t\t\t\t\t\t\t<\/div>\n\t\t\t\t<\/div>\n\t\t\t\t\t<\/div>\n\t\t<\/div>\n\t\t\t\t\t<\/div>\n\t\t<\/section>\n\t\t\t\t<\/div>\n\t\t","protected":false},"excerpt":{"rendered":"<p>Vergleichen Unsere Bezugsvarianten. Allwetter-Bez\u00fcge: Unsere drei Produktlinien im Vergleich. Wir bieten dir f\u00fcr jede Situation und jedes Flugzeug das passende Material. Ob STANDARD-Bez\u00fcge f\u00fcr kleines Geld, unser Topseller UNCUTABLE oder das Premiumprodukt IMPACT, das sogar gegen Hagel sch\u00fctzt. Clouddancers Bez\u00fcge f\u00fcr Flugzeuge sch\u00fctzen dein Flugzeug optimal und in jeder Situation. Standard Hochwertige, strapazierf\u00e4hige, atmungsaktive Allwetterbez\u00fcge [&hellip;]<\/p>\n","protected":false},"author":7,"featured_media":0,"parent":0,"menu_order":0,"comment_status":"closed","ping_status":"closed","template":"elementor_header_footer","meta":{"_eb_attr":"","footnotes":""},"class_list":["post-1628","page","type-page","status-publish","hentry"],"yoast_head":"<!-- This site is optimized with the Yoast SEO plugin v27.1.1 - https:\/\/yoast.com\/product\/yoast-seo-wordpress\/ -->\n<title>Bezugsvarianten vergleichen. - Clouddancers<\/title>\n<meta name=\"robots\" content=\"index, follow, max-snippet:-1, max-image-preview:large, max-video-preview:-1\" \/>\n<link rel=\"canonical\" href=\"https:\/\/clouddancers.de\/en\/compare\/\" \/>\n<meta property=\"og:locale\" content=\"en_GB\" \/>\n<meta property=\"og:type\" content=\"article\" \/>\n<meta property=\"og:title\" content=\"Bezugsvarianten vergleichen. - Clouddancers\" \/>\n<meta property=\"og:description\" content=\"Vergleichen Unsere Bezugsvarianten. Allwetter-Bez\u00fcge: Unsere drei Produktlinien im Vergleich. Wir bieten dir f\u00fcr jede Situation und jedes Flugzeug das passende Material. Ob STANDARD-Bez\u00fcge f\u00fcr kleines Geld, unser Topseller UNCUTABLE oder das Premiumprodukt IMPACT, das sogar gegen Hagel sch\u00fctzt. Clouddancers Bez\u00fcge f\u00fcr Flugzeuge sch\u00fctzen dein Flugzeug optimal und in jeder Situation. Standard Hochwertige, strapazierf\u00e4hige, atmungsaktive Allwetterbez\u00fcge [&hellip;]\" \/>\n<meta property=\"og:url\" content=\"https:\/\/clouddancers.de\/en\/compare\/\" \/>\n<meta property=\"og:site_name\" content=\"Clouddancers\" \/>\n<meta property=\"article:modified_time\" content=\"2022-09-14T20:11:04+00:00\" \/>\n<meta name=\"twitter:card\" content=\"summary_large_image\" \/>\n<meta name=\"twitter:label1\" content=\"Estimated reading time\" \/>\n\t<meta name=\"twitter:data1\" content=\"1 minute\" \/>\n<script type=\"application\/ld+json\" class=\"yoast-schema-graph\">{\"@context\":\"https:\/\/schema.org\",\"@graph\":[{\"@type\":\"WebPage\",\"@id\":\"https:\/\/clouddancers.de\/vergleich\/\",\"url\":\"https:\/\/clouddancers.de\/vergleich\/\",\"name\":\"Bezugsvarianten vergleichen. - Clouddancers\",\"isPartOf\":{\"@id\":\"https:\/\/clouddancers.de\/#website\"},\"datePublished\":\"2022-09-14T17:10:14+00:00\",\"dateModified\":\"2022-09-14T20:11:04+00:00\",\"breadcrumb\":{\"@id\":\"https:\/\/clouddancers.de\/vergleich\/#breadcrumb\"},\"inLanguage\":\"en-GB\",\"potentialAction\":[{\"@type\":\"ReadAction\",\"target\":[\"https:\/\/clouddancers.de\/vergleich\/\"]}]},{\"@type\":\"BreadcrumbList\",\"@id\":\"https:\/\/clouddancers.de\/vergleich\/#breadcrumb\",\"itemListElement\":[{\"@type\":\"ListItem\",\"position\":1,\"name\":\"Home\",\"item\":\"https:\/\/clouddancers.de\/\"},{\"@type\":\"ListItem\",\"position\":2,\"name\":\"Bezugsvarianten vergleichen.\"}]},{\"@type\":\"WebSite\",\"@id\":\"https:\/\/clouddancers.de\/#website\",\"url\":\"https:\/\/clouddancers.de\/\",\"name\":\"Clouddancers\",\"description\":\"Allwetter Bez\u00fcge f\u00fcr Flugzeuge\",\"publisher\":{\"@id\":\"https:\/\/clouddancers.de\/#organization\"},\"potentialAction\":[{\"@type\":\"SearchAction\",\"target\":{\"@type\":\"EntryPoint\",\"urlTemplate\":\"https:\/\/clouddancers.de\/?s={search_term_string}\"},\"query-input\":{\"@type\":\"PropertyValueSpecification\",\"valueRequired\":true,\"valueName\":\"search_term_string\"}}],\"inLanguage\":\"en-GB\"},{\"@type\":\"Organization\",\"@id\":\"https:\/\/clouddancers.de\/#organization\",\"name\":\"Clouddancers\",\"url\":\"https:\/\/clouddancers.de\/\",\"logo\":{\"@type\":\"ImageObject\",\"inLanguage\":\"en-GB\",\"@id\":\"https:\/\/clouddancers.de\/#\/schema\/logo\/image\/\",\"url\":\"https:\/\/clouddancers.de\/wp-content\/uploads\/2022\/09\/cd_logo_transparent.png\",\"contentUrl\":\"https:\/\/clouddancers.de\/wp-content\/uploads\/2022\/09\/cd_logo_transparent.png\",\"width\":320,\"height\":61,\"caption\":\"Clouddancers\"},\"image\":{\"@id\":\"https:\/\/clouddancers.de\/#\/schema\/logo\/image\/\"}}]}<\/script>\n<!-- \/ Yoast SEO plugin. -->","yoast_head_json":{"title":"Bezugsvarianten vergleichen. - Clouddancers","robots":{"index":"index","follow":"follow","max-snippet":"max-snippet:-1","max-image-preview":"max-image-preview:large","max-video-preview":"max-video-preview:-1"},"canonical":"https:\/\/clouddancers.de\/en\/compare\/","og_locale":"en_GB","og_type":"article","og_title":"Bezugsvarianten vergleichen. - Clouddancers","og_description":"Vergleichen Unsere Bezugsvarianten. Allwetter-Bez\u00fcge: Unsere drei Produktlinien im Vergleich. Wir bieten dir f\u00fcr jede Situation und jedes Flugzeug das passende Material. Ob STANDARD-Bez\u00fcge f\u00fcr kleines Geld, unser Topseller UNCUTABLE oder das Premiumprodukt IMPACT, das sogar gegen Hagel sch\u00fctzt. Clouddancers Bez\u00fcge f\u00fcr Flugzeuge sch\u00fctzen dein Flugzeug optimal und in jeder Situation. Standard Hochwertige, strapazierf\u00e4hige, atmungsaktive Allwetterbez\u00fcge [&hellip;]","og_url":"https:\/\/clouddancers.de\/en\/compare\/","og_site_name":"Clouddancers","article_modified_time":"2022-09-14T20:11:04+00:00","twitter_card":"summary_large_image","twitter_misc":{"Estimated reading time":"1 minute"},"schema":{"@context":"https:\/\/schema.org","@graph":[{"@type":"WebPage","@id":"https:\/\/clouddancers.de\/vergleich\/","url":"https:\/\/clouddancers.de\/vergleich\/","name":"Bezugsvarianten vergleichen. - Clouddancers","isPartOf":{"@id":"https:\/\/clouddancers.de\/#website"},"datePublished":"2022-09-14T17:10:14+00:00","dateModified":"2022-09-14T20:11:04+00:00","breadcrumb":{"@id":"https:\/\/clouddancers.de\/vergleich\/#breadcrumb"},"inLanguage":"en-GB","potentialAction":[{"@type":"ReadAction","target":["https:\/\/clouddancers.de\/vergleich\/"]}]},{"@type":"BreadcrumbList","@id":"https:\/\/clouddancers.de\/vergleich\/#breadcrumb","itemListElement":[{"@type":"ListItem","position":1,"name":"Home","item":"https:\/\/clouddancers.de\/"},{"@type":"ListItem","position":2,"name":"Bezugsvarianten vergleichen."}]},{"@type":"WebSite","@id":"https:\/\/clouddancers.de\/#website","url":"https:\/\/clouddancers.de\/","name":"Clouddancers - Aircraft covers","description":"Allwetter Bez\u00fcge f\u00fcr Flugzeuge","publisher":{"@id":"https:\/\/clouddancers.de\/#organization"},"potentialAction":[{"@type":"SearchAction","target":{"@type":"EntryPoint","urlTemplate":"https:\/\/clouddancers.de\/?s={search_term_string}"},"query-input":{"@type":"PropertyValueSpecification","valueRequired":true,"valueName":"search_term_string"}}],"inLanguage":"en-GB"},{"@type":"Organization","@id":"https:\/\/clouddancers.de\/#organization","name":"Clouddancers - Aircraft covers","url":"https:\/\/clouddancers.de\/","logo":{"@type":"ImageObject","inLanguage":"en-GB","@id":"https:\/\/clouddancers.de\/#\/schema\/logo\/image\/","url":"https:\/\/clouddancers.de\/wp-content\/uploads\/2022\/09\/cd_logo_transparent.png","contentUrl":"https:\/\/clouddancers.de\/wp-content\/uploads\/2022\/09\/cd_logo_transparent.png","width":320,"height":61,"caption":"Clouddancers"},"image":{"@id":"https:\/\/clouddancers.de\/#\/schema\/logo\/image\/"}}]}},"_links":{"self":[{"href":"https:\/\/clouddancers.de\/en\/wp-json\/wp\/v2\/pages\/1628","targetHints":{"allow":["GET"]}}],"collection":[{"href":"https:\/\/clouddancers.de\/en\/wp-json\/wp\/v2\/pages"}],"about":[{"href":"https:\/\/clouddancers.de\/en\/wp-json\/wp\/v2\/types\/page"}],"author":[{"embeddable":true,"href":"https:\/\/clouddancers.de\/en\/wp-json\/wp\/v2\/users\/7"}],"replies":[{"embeddable":true,"href":"https:\/\/clouddancers.de\/en\/wp-json\/wp\/v2\/comments?post=1628"}],"version-history":[{"count":45,"href":"https:\/\/clouddancers.de\/en\/wp-json\/wp\/v2\/pages\/1628\/revisions"}],"predecessor-version":[{"id":1735,"href":"https:\/\/clouddancers.de\/en\/wp-json\/wp\/v2\/pages\/1628\/revisions\/1735"}],"wp:attachment":[{"href":"https:\/\/clouddancers.de\/en\/wp-json\/wp\/v2\/media?parent=1628"}],"curies":[{"name":"wp","href":"https:\/\/api.w.org\/{rel}","templated":true}]}}