{"id":1214,"date":"2022-08-29T09:23:40","date_gmt":"2022-08-29T09:23:40","guid":{"rendered":"https:\/\/clouddancers.de\/?page_id=1214"},"modified":"2022-12-30T12:39:50","modified_gmt":"2022-12-30T10:39:50","slug":"rent-a-cover","status":"publish","type":"page","link":"https:\/\/clouddancers.de\/en\/bezuege-mieten\/","title":{"rendered":"Rent covers"},"content":{"rendered":"<div data-elementor-type=\"wp-page\" data-elementor-id=\"1214\" class=\"elementor elementor-1214\" data-elementor-post-type=\"page\">\n\t\t\t\t\t\t<section data-particle_enable=\"false\" data-particle-mobile-disabled=\"false\" class=\"elementor-section elementor-top-section elementor-element elementor-element-fbb707b elementor-section-full_width elementor-section-height-default elementor-section-height-default\" data-id=\"fbb707b\" data-element_type=\"section\" data-e-type=\"section\">\n\t\t\t\t\t\t<div class=\"elementor-container elementor-column-gap-default\">\n\t\t\t\t\t<div class=\"elementor-column elementor-col-100 elementor-top-column elementor-element elementor-element-7bb7a0b\" data-id=\"7bb7a0b\" data-element_type=\"column\" data-e-type=\"column\">\n\t\t\t<div class=\"elementor-widget-wrap elementor-element-populated\">\n\t\t\t\t\t\t<div class=\"elementor-element elementor-element-5f7326b elementor-widget elementor-widget-heading\" data-id=\"5f7326b\" data-element_type=\"widget\" data-e-type=\"widget\" data-widget_type=\"heading.default\">\n\t\t\t\t<div class=\"elementor-widget-container\">\n\t\t\t\t\t<h1 class=\"elementor-heading-title elementor-size-default\">Rent covers<\/h1>\t\t\t\t<\/div>\n\t\t\t\t<\/div>\n\t\t\t\t<div class=\"elementor-element elementor-element-afcbe1f elementor-widget elementor-widget-text-editor\" data-id=\"afcbe1f\" data-element_type=\"widget\" data-e-type=\"widget\" data-widget_type=\"text-editor.default\">\n\t\t\t\t<div class=\"elementor-widget-container\">\n\t\t\t\t\t\t\t\t\t<p>You have rented an aircraft from your club for a holiday or a competition and want to leave the aircraft set up? Unfortunately, your club doesn't have any payments? Then you've come to the right place!<\/p><p>Unsere bew\u00e4hrten Clouddancers Bez\u00fcge gibt es auch in einer Mietversion. Gegen eine Kaution in H\u00f6he des Neuwertes der Bez\u00fcge und f\u00fcr 178,50 Euro (inkl. Steuer) Mietgeb\u00fchr die Woche, senden wir dir gerne Mietbez\u00fcge zu! Die Kosten f\u00fcr die Hinfracht (nur innerhalb Deutschlands) \u00fcbernehmen wir!<\/p>\t\t\t\t\t\t\t\t<\/div>\n\t\t\t\t<\/div>\n\t\t\t\t<div class=\"elementor-element elementor-element-33d05b4 elementor-icon-list--layout-traditional elementor-list-item-link-full_width elementor-widget elementor-widget-icon-list\" data-id=\"33d05b4\" data-element_type=\"widget\" data-e-type=\"widget\" data-widget_type=\"icon-list.default\">\n\t\t\t\t<div class=\"elementor-widget-container\">\n\t\t\t\t\t\t\t<ul class=\"elementor-icon-list-items\">\n\t\t\t\t\t\t\t<li class=\"elementor-icon-list-item\">\n\t\t\t\t\t\t\t\t\t\t\t<span class=\"elementor-icon-list-icon\">\n\t\t\t\t\t\t\t<i aria-hidden=\"true\" class=\"fas fa-check\"><\/i>\t\t\t\t\t\t<\/span>\n\t\t\t\t\t\t\t\t\t\t<span class=\"elementor-icon-list-text\">Duo Discus XL<\/span>\n\t\t\t\t\t\t\t\t\t<\/li>\n\t\t\t\t\t\t\t\t<li class=\"elementor-icon-list-item\">\n\t\t\t\t\t\t\t\t\t\t\t<span class=\"elementor-icon-list-icon\">\n\t\t\t\t\t\t\t<i aria-hidden=\"true\" class=\"fas fa-check\"><\/i>\t\t\t\t\t\t<\/span>\n\t\t\t\t\t\t\t\t\t\t<span class=\"elementor-icon-list-text\">Ventus 2cx<\/span>\n\t\t\t\t\t\t\t\t\t<\/li>\n\t\t\t\t\t\t\t\t<li class=\"elementor-icon-list-item\">\n\t\t\t\t\t\t\t\t\t\t\t<span class=\"elementor-icon-list-icon\">\n\t\t\t\t\t\t\t<i aria-hidden=\"true\" class=\"fas fa-check\"><\/i>\t\t\t\t\t\t<\/span>\n\t\t\t\t\t\t\t\t\t\t<span class=\"elementor-icon-list-text\">Discus b\/CS<\/span>\n\t\t\t\t\t\t\t\t\t<\/li>\n\t\t\t\t\t\t\t\t<li class=\"elementor-icon-list-item\">\n\t\t\t\t\t\t\t\t\t\t\t<span class=\"elementor-icon-list-icon\">\n\t\t\t\t\t\t\t<i aria-hidden=\"true\" class=\"fas fa-check\"><\/i>\t\t\t\t\t\t<\/span>\n\t\t\t\t\t\t\t\t\t\t<span class=\"elementor-icon-list-text\"> Discus 2c<\/span>\n\t\t\t\t\t\t\t\t\t<\/li>\n\t\t\t\t\t\t\t\t<li class=\"elementor-icon-list-item\">\n\t\t\t\t\t\t\t\t\t\t\t<span class=\"elementor-icon-list-icon\">\n\t\t\t\t\t\t\t<i aria-hidden=\"true\" class=\"fas fa-check\"><\/i>\t\t\t\t\t\t<\/span>\n\t\t\t\t\t\t\t\t\t\t<span class=\"elementor-icon-list-text\">ASH 26<\/span>\n\t\t\t\t\t\t\t\t\t<\/li>\n\t\t\t\t\t\t\t\t<li class=\"elementor-icon-list-item\">\n\t\t\t\t\t\t\t\t\t\t\t<span class=\"elementor-icon-list-icon\">\n\t\t\t\t\t\t\t<i aria-hidden=\"true\" class=\"fas fa-check\"><\/i>\t\t\t\t\t\t<\/span>\n\t\t\t\t\t\t\t\t\t\t<span class=\"elementor-icon-list-text\">ASW 22, ASW 22 BLE<\/span>\n\t\t\t\t\t\t\t\t\t<\/li>\n\t\t\t\t\t\t\t\t<li class=\"elementor-icon-list-item\">\n\t\t\t\t\t\t\t\t\t\t\t<span class=\"elementor-icon-list-icon\">\n\t\t\t\t\t\t\t<i aria-hidden=\"true\" class=\"fas fa-check\"><\/i>\t\t\t\t\t\t<\/span>\n\t\t\t\t\t\t\t\t\t\t<span class=\"elementor-icon-list-text\">Stemme S 10<\/span>\n\t\t\t\t\t\t\t\t\t<\/li>\n\t\t\t\t\t\t<\/ul>\n\t\t\t\t\t\t<\/div>\n\t\t\t\t<\/div>\n\t\t\t\t<div class=\"elementor-element elementor-element-d426ef0 elementor-widget elementor-widget-text-editor\" data-id=\"d426ef0\" data-element_type=\"widget\" data-e-type=\"widget\" data-widget_type=\"text-editor.default\">\n\t\t\t\t<div class=\"elementor-widget-container\">\n\t\t\t\t\t\t\t\t\t<p>Your aircraft type is not listed? <a title=\"Contact\" href=\"\/en\/kontakt\/\">Contact us<\/a>!<\/p>\t\t\t\t\t\t\t\t<\/div>\n\t\t\t\t<\/div>\n\t\t\t\t\t<\/div>\n\t\t<\/div>\n\t\t\t\t\t<\/div>\n\t\t<\/section>\n\t\t\t\t<\/div>","protected":false},"excerpt":{"rendered":"<p>Bez\u00fcge mieten Du hast ein Flugzeug vom Verein f\u00fcr den Urlaub oder einen Wettbewerb gemietet und willst den Flieger aufgebaut stehen lassen? Leider hat dein Verein keine Bez\u00fcge? Dann bist du hier genau richtig! Unsere bew\u00e4hrten Clouddancers Bez\u00fcge gibt es auch in einer Mietversion. Gegen eine Kaution in H\u00f6he des Neuwertes der Bez\u00fcge und f\u00fcr [&hellip;]<\/p>\n","protected":false},"author":1,"featured_media":4421,"parent":0,"menu_order":0,"comment_status":"closed","ping_status":"closed","template":"","meta":{"_eb_attr":"","footnotes":""},"class_list":["post-1214","page","type-page","status-publish","has-post-thumbnail","hentry"],"yoast_head":"<!-- This site is optimized with the Yoast SEO plugin v27.1.1 - https:\/\/yoast.com\/product\/yoast-seo-wordpress\/ -->\n<title>Bez\u00fcge mieten - Clouddancers<\/title>\n<meta name=\"description\" content=\"Du m\u00f6chtest keinen Bezug kaufen ben\u00f6tigst aber einen f\u00fcr einen Urlaubstrip oder \u00e4hnliches? Wir bieten auch Mietbez\u00fcge an.\" \/>\n<meta name=\"robots\" content=\"index, follow, max-snippet:-1, max-image-preview:large, max-video-preview:-1\" \/>\n<link rel=\"canonical\" href=\"https:\/\/clouddancers.de\/en\/rent-a-cover\/\" \/>\n<meta property=\"og:locale\" content=\"en_GB\" \/>\n<meta property=\"og:type\" content=\"article\" \/>\n<meta property=\"og:title\" content=\"Bez\u00fcge mieten - Clouddancers\" \/>\n<meta property=\"og:description\" content=\"Du m\u00f6chtest keinen Bezug kaufen ben\u00f6tigst aber einen f\u00fcr einen Urlaubstrip oder \u00e4hnliches? Wir bieten auch Mietbez\u00fcge an.\" \/>\n<meta property=\"og:url\" content=\"https:\/\/clouddancers.de\/en\/rent-a-cover\/\" \/>\n<meta property=\"og:site_name\" content=\"Clouddancers\" \/>\n<meta property=\"article:modified_time\" content=\"2022-12-30T10:39:50+00:00\" \/>\n<meta property=\"og:image\" content=\"https:\/\/clouddancers.de\/wp-content\/uploads\/2022\/10\/ls8_uncutable_169-1024x576.jpg\" \/>\n\t<meta property=\"og:image:width\" content=\"1024\" \/>\n\t<meta property=\"og:image:height\" content=\"576\" \/>\n\t<meta property=\"og:image:type\" content=\"image\/jpeg\" \/>\n<meta name=\"twitter:card\" content=\"summary_large_image\" \/>\n<meta name=\"twitter:label1\" content=\"Estimated reading time\" \/>\n\t<meta name=\"twitter:data1\" content=\"1 minute\" \/>\n<script type=\"application\/ld+json\" class=\"yoast-schema-graph\">{\"@context\":\"https:\/\/schema.org\",\"@graph\":[{\"@type\":\"WebPage\",\"@id\":\"https:\/\/clouddancers.de\/bezuege-mieten\/\",\"url\":\"https:\/\/clouddancers.de\/bezuege-mieten\/\",\"name\":\"Bez\u00fcge mieten - Clouddancers\",\"isPartOf\":{\"@id\":\"https:\/\/clouddancers.de\/#website\"},\"primaryImageOfPage\":{\"@id\":\"https:\/\/clouddancers.de\/bezuege-mieten\/#primaryimage\"},\"image\":{\"@id\":\"https:\/\/clouddancers.de\/bezuege-mieten\/#primaryimage\"},\"thumbnailUrl\":\"https:\/\/clouddancers.de\/wp-content\/uploads\/2022\/10\/ls8_uncutable_169.jpg\",\"datePublished\":\"2022-08-29T09:23:40+00:00\",\"dateModified\":\"2022-12-30T10:39:50+00:00\",\"description\":\"Du m\u00f6chtest keinen Bezug kaufen ben\u00f6tigst aber einen f\u00fcr einen Urlaubstrip oder \u00e4hnliches? Wir bieten auch Mietbez\u00fcge an.\",\"breadcrumb\":{\"@id\":\"https:\/\/clouddancers.de\/bezuege-mieten\/#breadcrumb\"},\"inLanguage\":\"en-GB\",\"potentialAction\":[{\"@type\":\"ReadAction\",\"target\":[\"https:\/\/clouddancers.de\/bezuege-mieten\/\"]}]},{\"@type\":\"ImageObject\",\"inLanguage\":\"en-GB\",\"@id\":\"https:\/\/clouddancers.de\/bezuege-mieten\/#primaryimage\",\"url\":\"https:\/\/clouddancers.de\/wp-content\/uploads\/2022\/10\/ls8_uncutable_169.jpg\",\"contentUrl\":\"https:\/\/clouddancers.de\/wp-content\/uploads\/2022\/10\/ls8_uncutable_169.jpg\",\"width\":2000,\"height\":1125,\"caption\":\"Complete cover all-weather uncutable\"},{\"@type\":\"BreadcrumbList\",\"@id\":\"https:\/\/clouddancers.de\/bezuege-mieten\/#breadcrumb\",\"itemListElement\":[{\"@type\":\"ListItem\",\"position\":1,\"name\":\"Home\",\"item\":\"https:\/\/clouddancers.de\/\"},{\"@type\":\"ListItem\",\"position\":2,\"name\":\"Bez\u00fcge mieten\"}]},{\"@type\":\"WebSite\",\"@id\":\"https:\/\/clouddancers.de\/#website\",\"url\":\"https:\/\/clouddancers.de\/\",\"name\":\"Clouddancers\",\"description\":\"Allwetter Bez\u00fcge f\u00fcr Flugzeuge\",\"publisher\":{\"@id\":\"https:\/\/clouddancers.de\/#organization\"},\"potentialAction\":[{\"@type\":\"SearchAction\",\"target\":{\"@type\":\"EntryPoint\",\"urlTemplate\":\"https:\/\/clouddancers.de\/?s={search_term_string}\"},\"query-input\":{\"@type\":\"PropertyValueSpecification\",\"valueRequired\":true,\"valueName\":\"search_term_string\"}}],\"inLanguage\":\"en-GB\"},{\"@type\":\"Organization\",\"@id\":\"https:\/\/clouddancers.de\/#organization\",\"name\":\"Clouddancers\",\"url\":\"https:\/\/clouddancers.de\/\",\"logo\":{\"@type\":\"ImageObject\",\"inLanguage\":\"en-GB\",\"@id\":\"https:\/\/clouddancers.de\/#\/schema\/logo\/image\/\",\"url\":\"https:\/\/clouddancers.de\/wp-content\/uploads\/2022\/09\/cd_logo_transparent.png\",\"contentUrl\":\"https:\/\/clouddancers.de\/wp-content\/uploads\/2022\/09\/cd_logo_transparent.png\",\"width\":320,\"height\":61,\"caption\":\"Clouddancers\"},\"image\":{\"@id\":\"https:\/\/clouddancers.de\/#\/schema\/logo\/image\/\"}}]}<\/script>\n<!-- \/ Yoast SEO plugin. -->","yoast_head_json":{"title":"Bez\u00fcge mieten - Clouddancers","description":"Du m\u00f6chtest keinen Bezug kaufen ben\u00f6tigst aber einen f\u00fcr einen Urlaubstrip oder \u00e4hnliches? Wir bieten auch Mietbez\u00fcge an.","robots":{"index":"index","follow":"follow","max-snippet":"max-snippet:-1","max-image-preview":"max-image-preview:large","max-video-preview":"max-video-preview:-1"},"canonical":"https:\/\/clouddancers.de\/en\/rent-a-cover\/","og_locale":"en_GB","og_type":"article","og_title":"Bez\u00fcge mieten - Clouddancers","og_description":"Du m\u00f6chtest keinen Bezug kaufen ben\u00f6tigst aber einen f\u00fcr einen Urlaubstrip oder \u00e4hnliches? Wir bieten auch Mietbez\u00fcge an.","og_url":"https:\/\/clouddancers.de\/en\/rent-a-cover\/","og_site_name":"Clouddancers","article_modified_time":"2022-12-30T10:39:50+00:00","og_image":[{"width":1024,"height":576,"url":"https:\/\/clouddancers.de\/wp-content\/uploads\/2022\/10\/ls8_uncutable_169-1024x576.jpg","type":"image\/jpeg"}],"twitter_card":"summary_large_image","twitter_misc":{"Estimated reading time":"1 minute"},"schema":{"@context":"https:\/\/schema.org","@graph":[{"@type":"WebPage","@id":"https:\/\/clouddancers.de\/bezuege-mieten\/","url":"https:\/\/clouddancers.de\/bezuege-mieten\/","name":"Bez\u00fcge mieten - Clouddancers","isPartOf":{"@id":"https:\/\/clouddancers.de\/#website"},"primaryImageOfPage":{"@id":"https:\/\/clouddancers.de\/bezuege-mieten\/#primaryimage"},"image":{"@id":"https:\/\/clouddancers.de\/bezuege-mieten\/#primaryimage"},"thumbnailUrl":"https:\/\/clouddancers.de\/wp-content\/uploads\/2022\/10\/ls8_uncutable_169.jpg","datePublished":"2022-08-29T09:23:40+00:00","dateModified":"2022-12-30T10:39:50+00:00","description":"Du m\u00f6chtest keinen Bezug kaufen ben\u00f6tigst aber einen f\u00fcr einen Urlaubstrip oder \u00e4hnliches? Wir bieten auch Mietbez\u00fcge an.","breadcrumb":{"@id":"https:\/\/clouddancers.de\/bezuege-mieten\/#breadcrumb"},"inLanguage":"en-GB","potentialAction":[{"@type":"ReadAction","target":["https:\/\/clouddancers.de\/bezuege-mieten\/"]}]},{"@type":"ImageObject","inLanguage":"en-GB","@id":"https:\/\/clouddancers.de\/bezuege-mieten\/#primaryimage","url":"https:\/\/clouddancers.de\/wp-content\/uploads\/2022\/10\/ls8_uncutable_169.jpg","contentUrl":"https:\/\/clouddancers.de\/wp-content\/uploads\/2022\/10\/ls8_uncutable_169.jpg","width":2000,"height":1125,"caption":"Complete cover all-weather uncutable"},{"@type":"BreadcrumbList","@id":"https:\/\/clouddancers.de\/bezuege-mieten\/#breadcrumb","itemListElement":[{"@type":"ListItem","position":1,"name":"Home","item":"https:\/\/clouddancers.de\/"},{"@type":"ListItem","position":2,"name":"Bez\u00fcge mieten"}]},{"@type":"WebSite","@id":"https:\/\/clouddancers.de\/#website","url":"https:\/\/clouddancers.de\/","name":"Clouddancers - Aircraft covers","description":"Allwetter Bez\u00fcge f\u00fcr Flugzeuge","publisher":{"@id":"https:\/\/clouddancers.de\/#organization"},"potentialAction":[{"@type":"SearchAction","target":{"@type":"EntryPoint","urlTemplate":"https:\/\/clouddancers.de\/?s={search_term_string}"},"query-input":{"@type":"PropertyValueSpecification","valueRequired":true,"valueName":"search_term_string"}}],"inLanguage":"en-GB"},{"@type":"Organization","@id":"https:\/\/clouddancers.de\/#organization","name":"Clouddancers - Aircraft covers","url":"https:\/\/clouddancers.de\/","logo":{"@type":"ImageObject","inLanguage":"en-GB","@id":"https:\/\/clouddancers.de\/#\/schema\/logo\/image\/","url":"https:\/\/clouddancers.de\/wp-content\/uploads\/2022\/09\/cd_logo_transparent.png","contentUrl":"https:\/\/clouddancers.de\/wp-content\/uploads\/2022\/09\/cd_logo_transparent.png","width":320,"height":61,"caption":"Clouddancers"},"image":{"@id":"https:\/\/clouddancers.de\/#\/schema\/logo\/image\/"}}]}},"_links":{"self":[{"href":"https:\/\/clouddancers.de\/en\/wp-json\/wp\/v2\/pages\/1214","targetHints":{"allow":["GET"]}}],"collection":[{"href":"https:\/\/clouddancers.de\/en\/wp-json\/wp\/v2\/pages"}],"about":[{"href":"https:\/\/clouddancers.de\/en\/wp-json\/wp\/v2\/types\/page"}],"author":[{"embeddable":true,"href":"https:\/\/clouddancers.de\/en\/wp-json\/wp\/v2\/users\/1"}],"replies":[{"embeddable":true,"href":"https:\/\/clouddancers.de\/en\/wp-json\/wp\/v2\/comments?post=1214"}],"version-history":[{"count":17,"href":"https:\/\/clouddancers.de\/en\/wp-json\/wp\/v2\/pages\/1214\/revisions"}],"predecessor-version":[{"id":5192,"href":"https:\/\/clouddancers.de\/en\/wp-json\/wp\/v2\/pages\/1214\/revisions\/5192"}],"wp:featuredmedia":[{"embeddable":true,"href":"https:\/\/clouddancers.de\/en\/wp-json\/wp\/v2\/media\/4421"}],"wp:attachment":[{"href":"https:\/\/clouddancers.de\/en\/wp-json\/wp\/v2\/media?parent=1214"}],"curies":[{"name":"wp","href":"https:\/\/api.w.org\/{rel}","templated":true}]}}